{"id":685,"date":"2026-03-16T06:10:41","date_gmt":"2026-03-16T06:10:41","guid":{"rendered":"https:\/\/paulsalltagsbegleiter.de\/?page_id=685"},"modified":"2026-03-16T21:06:19","modified_gmt":"2026-03-16T21:06:19","slug":"alle-was-sie-wissen-muessen","status":"publish","type":"page","link":"https:\/\/paulsalltagsbegleiter.de\/?page_id=685","title":{"rendered":"Alle was Sie wissen m\u00fcssen"},"content":{"rendered":"\t\t<div data-elementor-type=\"wp-page\" data-elementor-id=\"685\" class=\"elementor elementor-685\" data-elementor-post-type=\"page\">\n\t\t\t\t<div class=\"elementor-element elementor-element-5a817d43 e-flex e-con-boxed e-con e-parent\" data-id=\"5a817d43\" data-element_type=\"container\" data-e-type=\"container\">\n\t\t\t\t\t<div class=\"e-con-inner\">\n\t\t\t\t<div class=\"elementor-element elementor-element-2ae2b63e elementor-widget elementor-widget-text-editor\" data-id=\"2ae2b63e\" data-element_type=\"widget\" data-e-type=\"widget\" data-widget_type=\"text-editor.default\">\n\t\t\t\t\t\t\t\t\t<p><strong>Was<\/strong><span style=\"text-decoration: underline;\"><strong> Sie wissen sollten:<\/strong><\/span><\/p>\n<p>Folgende \u00dcbersicht soll Ihnen das Verst\u00e4ndnis f\u00fcr die M\u00f6glichkeiten anhand von Beispielen aufzeigen:<\/p>\n<p>Grundvoraussetzung f\u00fcr die Kosten\u00fcbernahme \u00fcber die Pflegekasse ist der Pflegegrad 1, da hier der sogenannte <b>&#8222;Entlastungsbetrag nach \u00a745b&#8220;<\/b> zur Verf\u00fcgung steht.<\/p>\n<p>Ab Pflegegrad 2 haben Sie folgende zus\u00e4tzliche Budgets (Pflegegrad (zumindest 40 % davon) und das Entlastungsbudget)<\/p>\n<p>Pflegesachleistungen nach Pflegegrad f\u00fcr Betreuung nutzen, wird als<strong> &#8222;Umwidmung nach \u00a745a SGB XI&#8220; <\/strong>bezeichnet:<\/p>\n<p><em>Voraussetzungen hier ist das Sie keine Anspr\u00fcche \u00fcber einen Pflegedienst in Anspruch nehmen, da dieser auf das selbe Budget zugreift.<\/em><\/p>\n<ul>\n<li><a href=\"https:\/\/www.pflege.de\/pflegekasse-pflegerecht\/pflegegrade\/pflegegrad-1\/\">Pflegegrad 1:<\/a>&nbsp;kein Anspruch<\/li>\n<li><a href=\"https:\/\/www.pflege.de\/pflegekasse-pflegerecht\/pflegegrade\/pflegegrad-2\/\">Pflegegrad 2:<\/a> Bis zu 796 Euro (40 % Anteil &#8211; 318,40\u20ac)<\/li>\n<li><a href=\"https:\/\/www.pflege.de\/pflegekasse-pflegerecht\/pflegegrade\/pflegegrad-3\/\">Pflegegrad 3:<\/a> Bis zu 1.497 Euro (40 % Anteil &#8211; 598,80\u20ac)<\/li>\n<li><a href=\"https:\/\/www.pflege.de\/pflegekasse-pflegerecht\/pflegegrade\/pflegegrad-4\/\">Pflegegrad 4:<\/a> Bis zu 1.859 Euro (40 % Anteil &#8211; 743,60\u20ac)<\/li>\n<li><a href=\"https:\/\/www.pflege.de\/pflegekasse-pflegerecht\/pflegegrade\/pflegegrad-5\/\">Pflegegrad 5:<\/a> Bis zu 2.299 Euro (40 % Anteil &#8211; 919,60\u20ac)<\/li>\n<\/ul>\n<div>&nbsp;<\/div>\n<div>Zu guter Letzt das sogenannte <b>Entlastungsbudget<\/b> (Bezeichnung\/Budget seit 01.07.25 angepasst, ehemals als Verhinderungs- und Kurzzeitpflege bezeichnet).&nbsp;<\/div>\n<div>Diese ist ein Jahresbetrag der stundenweise jeden Monat genutzt werden kann.<\/div>\n<div>&nbsp;<\/div>\n<div>Die oberen beiden Budgets stehen nach Feststellung des Pflegegrades fest zur Verf\u00fcgung. Das Entlastungsbudget muss jedes Jahr bei der Pflegekasse beantragt werden.&nbsp;<\/div>\n<p>Hier stehen Ihnen f\u00fcr das gesamte Jahr 3539\u20ac zur Verf\u00fcgung, welches auf Jahr gleichm\u00e4\u00dfig verteilt auf 295\u20ac monatlich kommt.<\/p>\n<p><u>Sie haben<strong> Pflegegrad 1<\/strong>:<\/u><\/p>\n<p>Es stehen Ihnen monatlich 131\u20ac (\u00a745b) zur Verf\u00fcgung.<\/p>\n<p><strong>F\u00fcr 131 \u20ac &#8211;&nbsp; 2 x im Monat f\u00fcr je 1,5 Std.<\/strong><\/p>\n<p><u>Sie haben <strong>Pflegegrad 2<\/strong>:<\/u><\/p>\n<p>Es steht neben den 131\u20ac (\u00a745b) &#8211; 2 x im Monat f\u00fcr je 1,5 Std.<b> (gleichbleibend in allen Pflegegraden)<\/b><\/p>\n<p><strong>40% von Pflegesachleistung (\u00a745a) &#8211;&nbsp; &nbsp;5 x im Monat mit 1,5 Std. (Mehrleistung gegen\u00fcber vorherigem Pflegegrad)<\/strong><\/p>\n<p><strong>Entlastungsbudget &#8211;&nbsp; 4 x im Monat mit 1,5 Std. <\/strong><span style=\"font-weight: bolder;\">(Mehrleistung gegen\u00fcber vorherigem Pflegegrad in folgenden Pflegegraden gleichbleibend)<\/span><\/p>\n<p><u>Sie haben <strong>Pflegegrad 3<\/strong>:<\/u><\/p>\n<p>Es steht neben den 131\u20ac (\u00a745b) &#8211; 2 x im Monat f\u00fcr je 1,5 Std. <span style=\"font-weight: bold;\">(gleichbleibend in allen Pflegegraden)<\/span><\/p>\n<p><strong>40% von Pflegesachleistung (\u00a745a) &#8211; 9 x im Monat mit 1,5 Std. <\/strong><span style=\"font-weight: bolder;\">(4 Eins\u00e4tze je 1,5 Std. Mehrleistung gegen\u00fcber vorherigem Pflegegrad)<\/span><\/p>\n<p>Entlastungsbudget &#8211; 4 x im Monat mit 1,5 Std. <span style=\"font-weight: bolder;\">&nbsp;(<\/span><span style=\"font-weight: bolder;\">Mehrleistung in Pflegegrad 2-5)<\/span><\/p>\n<p><u>Sie haben <strong>Pflegegrad 4<\/strong>:<\/u><\/p>\n<p>Es steht neben den 131\u20ac (\u00a745b) &#8211; 2 x im Monat f\u00fcr je 1,5 Std. <span style=\"font-weight: bold;\">(gleichbleibend in allen Pflegegraden)<\/span><\/p>\n<p><strong>40% von Pflegesachleistung (\u00a745a) &#8211; 11 x im Monat mit 1,5 Std. <\/strong><span style=\"font-weight: bolder;\">&nbsp;<\/span><span style=\"font-weight: bolder;\">(2 Eins\u00e4tze je 1,5 Std. Mehrleistung gegen\u00fcber vorherigem Pflegegrad)<\/span><\/p>\n<p>Entlastungsbudget &#8211; 4 x im Monat mit 1,5 Std. <span style=\"font-weight: bolder;\">&nbsp;(<\/span><span style=\"font-weight: bolder;\">Mehrleistung in Pflegegrad 2-5)<\/span><\/p>\n<p><u>Sie haben <strong>Pflegegrad 5<\/strong>:<\/u><\/p>\n<p>Es steht neben den 131\u20ac (\u00a745b) &#8211; 2 x im Monat f\u00fcr je 1,5 Std. <span style=\"font-weight: bold;\">(gleichbleibend in allen Pflegegraden)<\/span><\/p>\n<p><b>40% von Pflegesachleistung (\u00a745a) &#8211; 14 x im Monat mit 1,5 Std. <\/b><span style=\"font-weight: bolder;\">&nbsp;<\/span><span style=\"font-weight: bolder;\">(3 Eins\u00e4tze je 1,5 Std. Mehrleistung gegen\u00fcber vorherigem Pflegegrad)<\/span><\/p>\n<p>Entlastungsbudget &#8211; 4 x im Monat mit 1,5 Std. <span style=\"font-weight: bolder;\">&nbsp;(<\/span><span style=\"font-weight: bolder;\">Mehrleistung in Pflegegrad 2-5)<\/span><\/p>\n<p>Grunds\u00e4tzlich k\u00f6nnen die Stunden auch pro Einsatz h\u00f6her gesetzt werden, je nach Aktivit\u00e4t\/Vorhaben wird daf\u00fcr auch mehr Zeit ben\u00f6tigt. Die Mindestdauer sollte jedoch bei 1,5 Std. sein, da gerade bei Pflegegrad 1 nur 2 Eins\u00e4tze im Monat m\u00f6glich sind.<\/p>\n<p>In allen Varianten besteht nat\u00fcrlich die M\u00f6glichkeit die nicht \u00fcber die Pflegekasse abgedeckten Stunden privat zu bezahlen. Es m\u00fcssen nat\u00fcrlich auch nicht alle Budgets f\u00fcr die Betreuung verwendet werden. Je nach Bedarf kann bspw. der Entlastungsbetrag und das Entlastungsbudget f\u00fcr Betreuung genutzt werden damit der Pflegegrad dann f\u00fcr den Pflegedienst zur Verf\u00fcgung steht.<\/p>\n<div>\n<p>Auch gut&nbsp; zu wissen:&nbsp;<\/p>\n<p>Die Pflegekasse gibt Geld f\u00fcr Pflegehilfsmittel bei der Pflege zu Hause. Pflegehilfsmittel sind zum Beispiel Einmalhandschuhe oder Windeln. F\u00fcr alle Pflegebed\u00fcrftigen bezahlt die Pflegekasse&nbsp;<strong>pro Monat 42 Euro&nbsp;<\/strong>(Stand: 2026).<\/p>\n<p>Seit 2022 k\u00f6nnen auch Pflegekr\u00e4fte direkt bei der Pflegekasse ein Pflegehilfsmittel beantragen. Die Pflegekr\u00e4fte m\u00fcssen daf\u00fcr eine schriftliche Empfehlung f\u00fcr das Pflegehilfsmittel abgeben. Die Empfehlung darf nicht \u00e4lter als zwei Wochen sein.<\/p>\n<\/div>\t\t\t\t\t\t\t\t<\/div>\n\t\t\t\t\t<\/div>\n\t\t\t\t<\/div>\n\t\t\t\t<\/div>\n\t\t","protected":false},"excerpt":{"rendered":"<p>Was Sie wissen sollten: Folgende \u00dcbersicht soll Ihnen das Verst\u00e4ndnis f\u00fcr die M\u00f6glichkeiten anhand von Beispielen aufzeigen: Grundvoraussetzung f\u00fcr die Kosten\u00fcbernahme \u00fcber die Pflegekasse ist der Pflegegrad 1, da hier der sogenannte &#8222;Entlastungsbetrag nach \u00a745b&#8220; zur Verf\u00fcgung steht. Ab Pflegegrad 2 haben Sie folgende zus\u00e4tzliche Budgets (Pflegegrad (zumindest 40 % davon) und das Entlastungsbudget) Pflegesachleistungen [&hellip;]<\/p>\n","protected":false},"author":1,"featured_media":0,"parent":0,"menu_order":0,"comment_status":"closed","ping_status":"closed","template":"","meta":{"footnotes":""},"class_list":["post-685","page","type-page","status-publish","hentry"],"_links":{"self":[{"href":"https:\/\/paulsalltagsbegleiter.de\/index.php?rest_route=\/wp\/v2\/pages\/685","targetHints":{"allow":["GET"]}}],"collection":[{"href":"https:\/\/paulsalltagsbegleiter.de\/index.php?rest_route=\/wp\/v2\/pages"}],"about":[{"href":"https:\/\/paulsalltagsbegleiter.de\/index.php?rest_route=\/wp\/v2\/types\/page"}],"author":[{"embeddable":true,"href":"https:\/\/paulsalltagsbegleiter.de\/index.php?rest_route=\/wp\/v2\/users\/1"}],"replies":[{"embeddable":true,"href":"https:\/\/paulsalltagsbegleiter.de\/index.php?rest_route=%2Fwp%2Fv2%2Fcomments&post=685"}],"version-history":[{"count":15,"href":"https:\/\/paulsalltagsbegleiter.de\/index.php?rest_route=\/wp\/v2\/pages\/685\/revisions"}],"predecessor-version":[{"id":782,"href":"https:\/\/paulsalltagsbegleiter.de\/index.php?rest_route=\/wp\/v2\/pages\/685\/revisions\/782"}],"wp:attachment":[{"href":"https:\/\/paulsalltagsbegleiter.de\/index.php?rest_route=%2Fwp%2Fv2%2Fmedia&parent=685"}],"curies":[{"name":"wp","href":"https:\/\/api.w.org\/{rel}","templated":true}]}}