{"id":471,"date":"2026-03-15T15:32:18","date_gmt":"2026-03-15T15:32:18","guid":{"rendered":"https:\/\/paulsalltagsbegleiter.de\/?page_id=471"},"modified":"2026-03-16T20:36:23","modified_gmt":"2026-03-16T20:36:23","slug":"karriere","status":"publish","type":"page","link":"https:\/\/paulsalltagsbegleiter.de\/?page_id=471","title":{"rendered":"Karriere"},"content":{"rendered":"\t\t<div data-elementor-type=\"wp-page\" data-elementor-id=\"471\" class=\"elementor elementor-471\" data-elementor-post-type=\"page\">\n\t\t\t\t<div class=\"elementor-element elementor-element-5b595024 e-con-full e-flex e-con e-parent\" data-id=\"5b595024\" data-element_type=\"container\" data-e-type=\"container\" data-settings=\"{&quot;background_background&quot;:&quot;gradient&quot;}\">\n\t\t<div class=\"elementor-element elementor-element-2a3a6ad7 e-con-full e-flex e-con e-child\" data-id=\"2a3a6ad7\" data-element_type=\"container\" data-e-type=\"container\" data-settings=\"{&quot;background_background&quot;:&quot;classic&quot;}\">\n\t\t\t\t<\/div>\n\t\t<div class=\"elementor-element elementor-element-4b8adbfb e-con-full e-flex e-con e-child\" data-id=\"4b8adbfb\" data-element_type=\"container\" data-e-type=\"container\" data-settings=\"{&quot;background_background&quot;:&quot;classic&quot;}\">\n\t\t\t\t<div class=\"elementor-element elementor-element-42a77ef5 elementor-widget elementor-widget-heading\" data-id=\"42a77ef5\" data-element_type=\"widget\" data-e-type=\"widget\" data-widget_type=\"heading.default\">\n\t\t\t\t\t<h6 class=\"elementor-heading-title elementor-size-default\"><a href=\"mailto:bewerbung@paulsalltagsbegleiter.de\">Werde teil unseres Teams<\/a><\/h6>\t\t\t\t<\/div>\n\t\t\t\t<div class=\"elementor-element elementor-element-71b3135f elementor-widget elementor-widget-heading\" data-id=\"71b3135f\" data-element_type=\"widget\" data-e-type=\"widget\" data-widget_type=\"heading.default\">\n\t\t\t\t\t<h3 class=\"elementor-heading-title elementor-size-default\">Karriere<\/h3>\t\t\t\t<\/div>\n\t\t\t\t<div class=\"elementor-element elementor-element-7e6486a5 elementor-widget elementor-widget-button\" data-id=\"7e6486a5\" data-element_type=\"widget\" data-e-type=\"widget\" data-widget_type=\"button.default\">\n\t\t\t\t\t\t\t\t\t\t<a class=\"elementor-button elementor-button-link elementor-size-sm\" href=\"mailto:bewerbung@paulsalltagsbegleiter.de\">\n\t\t\t\t\t\t<span class=\"elementor-button-content-wrapper\">\n\t\t\t\t\t\t\t\t\t<span class=\"elementor-button-text\">Jetzt Bewerben \u27f6<\/span>\n\t\t\t\t\t<\/span>\n\t\t\t\t\t<\/a>\n\t\t\t\t\t\t\t\t<\/div>\n\t\t\t\t<\/div>\n\t\t\t\t<\/div>\n\t\t<div class=\"elementor-element elementor-element-ddb0292 e-flex e-con-boxed e-con e-parent\" data-id=\"ddb0292\" data-element_type=\"container\" data-e-type=\"container\">\n\t\t\t\t\t<div class=\"e-con-inner\">\n\t\t\t\t<div class=\"elementor-element elementor-element-82ca3ae elementor-widget elementor-widget-text-editor\" data-id=\"82ca3ae\" data-element_type=\"widget\" data-e-type=\"widget\" data-widget_type=\"text-editor.default\">\n\t\t\t\t\t\t\t\t\t<p>\u00a0<\/p><p>Sie wollen vorgeschrieben bekommen wann du wie lange zu arbeiten hast?<\/p><p>Sie haben Lust auf viel Arbeit und wenig Flexibilit\u00e4t?<\/p><p>Sie\u00a0 wollen sich an eine starre vorgegebene Arbeitswoche anpassen m\u00fcssen?<\/p><p>Sie wollen viel Stress und k\u00f6nnen nur unter Druck arbeiten?<\/p><p><strong>Dann tut es uns leid! Dann m\u00fcssen Sie sich wohl woanders umschauen, denn wir bieten Ihnen:<\/strong><\/p><p>Arbeit die Sie in Ihren Alltag intrigieren k\u00f6nnen (Sie haben z.B. Kinder, haben an bestimmten Tagen unterschiedlich Zeit, kein Problem)<\/p><p>Arbeiten soviel wie Sie k\u00f6nnen (Wir passen uns an Sie an, besprechen wann Sie Zeit haben)<\/p><p>Eigenverantwortlich arbeiten. (Wir gehen Ihnen nicht auf die Nerven)<\/p><p>Arbeitszeit selbst organisieren. (Sie besprechen mit unseren Kunden wann Sie wie lange vor Ort sein k\u00f6nnen)<\/p><p>Fairer Umgang auf Augenh\u00f6he. (Keine hierarchische Struktur, angenehmes Arbeitsklima)<\/p><p>Fairer Bezahlung. (Bezahlung \u00fcber Mindestlohn)<\/p><p>\u2014\u2014\u2014\u2014\u2014\u2014\u2014\u2014\u2014\u2014-<\/p><p>Sie haben Erfahrung in der Haushaltshilfe?<\/p><p>Sie haben die Basis-Qualifikation als Betreuungskraft nach \u00a745a\/b SGB XI (nach AnF\u00f6VO NRW)\u00a0<\/p><p>Sie k\u00f6nnen mit \u00e4lteren Menschen respektvoll umgehen?<\/p><p>Sie sind hilfsbereit?<\/p><p><strong>Dann sind Sie hier genau richtig!<\/strong><\/p><p>Wir freuen uns auf Ihre Bewerbung!<\/p><p>Bewerben Sie sich gerne per Mail mit einem kurzem Lebenslauf, ggfs. Ihrem F\u00fchrungszeugnis wenn bereits vorhanden.\u00a0<\/p><p>Sagen Sie uns bitte den Stundenumfang den Sie pro Woche \/ Monat arbeiten m\u00f6chten und Ihre Gehaltsvorstellung.<\/p><p>Wir melden uns nach Pr\u00fcfung Ihrer Unterlagen schnellstm\u00f6glich bei Ihnen zur\u00fcck.\u00a0<\/p>\t\t\t\t\t\t\t\t<\/div>\n\t\t\t\t<div class=\"elementor-element elementor-element-8145831 elementor-align-center elementor-widget elementor-widget-button\" data-id=\"8145831\" data-element_type=\"widget\" data-e-type=\"widget\" data-widget_type=\"button.default\">\n\t\t\t\t\t\t\t\t\t\t<a class=\"elementor-button elementor-button-link elementor-size-sm\" href=\"mailto:bewerbung@paulsalltagsbegleiter.de\">\n\t\t\t\t\t\t<span class=\"elementor-button-content-wrapper\">\n\t\t\t\t\t\t\t\t\t<span class=\"elementor-button-text\">Jetzt bewerben<\/span>\n\t\t\t\t\t<\/span>\n\t\t\t\t\t<\/a>\n\t\t\t\t\t\t\t\t<\/div>\n\t\t\t\t\t<\/div>\n\t\t\t\t<\/div>\n\t\t\t\t<\/div>\n\t\t","protected":false},"excerpt":{"rendered":"<p>Werde teil unseres Teams Karriere Jetzt Bewerben \u27f6 \u00a0 Sie wollen vorgeschrieben bekommen wann du wie lange zu arbeiten hast? Sie haben Lust auf viel Arbeit und wenig Flexibilit\u00e4t? Sie\u00a0 wollen sich an eine starre vorgegebene Arbeitswoche anpassen m\u00fcssen? Sie wollen viel Stress und k\u00f6nnen nur unter Druck arbeiten? Dann tut es uns leid! Dann [&hellip;]<\/p>\n","protected":false},"author":1,"featured_media":0,"parent":0,"menu_order":0,"comment_status":"closed","ping_status":"closed","template":"","meta":{"footnotes":""},"class_list":["post-471","page","type-page","status-publish","hentry"],"_links":{"self":[{"href":"https:\/\/paulsalltagsbegleiter.de\/index.php?rest_route=\/wp\/v2\/pages\/471","targetHints":{"allow":["GET"]}}],"collection":[{"href":"https:\/\/paulsalltagsbegleiter.de\/index.php?rest_route=\/wp\/v2\/pages"}],"about":[{"href":"https:\/\/paulsalltagsbegleiter.de\/index.php?rest_route=\/wp\/v2\/types\/page"}],"author":[{"embeddable":true,"href":"https:\/\/paulsalltagsbegleiter.de\/index.php?rest_route=\/wp\/v2\/users\/1"}],"replies":[{"embeddable":true,"href":"https:\/\/paulsalltagsbegleiter.de\/index.php?rest_route=%2Fwp%2Fv2%2Fcomments&post=471"}],"version-history":[{"count":36,"href":"https:\/\/paulsalltagsbegleiter.de\/index.php?rest_route=\/wp\/v2\/pages\/471\/revisions"}],"predecessor-version":[{"id":762,"href":"https:\/\/paulsalltagsbegleiter.de\/index.php?rest_route=\/wp\/v2\/pages\/471\/revisions\/762"}],"wp:attachment":[{"href":"https:\/\/paulsalltagsbegleiter.de\/index.php?rest_route=%2Fwp%2Fv2%2Fmedia&parent=471"}],"curies":[{"name":"wp","href":"https:\/\/api.w.org\/{rel}","templated":true}]}}