{"id":449,"date":"2026-03-15T15:19:55","date_gmt":"2026-03-15T15:19:55","guid":{"rendered":"https:\/\/paulsalltagsbegleiter.de\/?page_id=449"},"modified":"2026-03-16T20:22:56","modified_gmt":"2026-03-16T20:22:56","slug":"cookies","status":"publish","type":"page","link":"https:\/\/paulsalltagsbegleiter.de\/?page_id=449","title":{"rendered":"Cookies"},"content":{"rendered":"\t\t<div data-elementor-type=\"wp-page\" data-elementor-id=\"449\" class=\"elementor elementor-449\" data-elementor-post-type=\"page\">\n\t\t\t\t<div class=\"elementor-element elementor-element-75407770 e-con-full e-flex e-con e-parent\" data-id=\"75407770\" data-element_type=\"container\" data-e-type=\"container\" data-settings=\"{&quot;background_background&quot;:&quot;gradient&quot;}\">\n\t\t<div class=\"elementor-element elementor-element-2cb13997 e-con-full e-flex e-con e-child\" data-id=\"2cb13997\" data-element_type=\"container\" data-e-type=\"container\" data-settings=\"{&quot;background_background&quot;:&quot;classic&quot;}\">\n\t\t\t\t<\/div>\n\t\t<div class=\"elementor-element elementor-element-c03ba42 e-con-full e-flex e-con e-child\" data-id=\"c03ba42\" data-element_type=\"container\" data-e-type=\"container\" data-settings=\"{&quot;background_background&quot;:&quot;classic&quot;}\">\n\t\t\t\t<div class=\"elementor-element elementor-element-7c8446b1 elementor-widget elementor-widget-heading\" data-id=\"7c8446b1\" data-element_type=\"widget\" data-e-type=\"widget\" data-widget_type=\"heading.default\">\n\t\t\t\t\t<h3 class=\"elementor-heading-title elementor-size-default\">Cookies<\/h3>\t\t\t\t<\/div>\n\t\t\t\t<\/div>\n\t\t\t\t<\/div>\n\t\t<div class=\"elementor-element elementor-element-e099d28 e-flex e-con-boxed e-con e-parent\" data-id=\"e099d28\" data-element_type=\"container\" data-e-type=\"container\">\n\t\t\t\t\t<div class=\"e-con-inner\">\n\t\t\t\t<div class=\"elementor-element elementor-element-323cd57 elementor-widget elementor-widget-text-editor\" data-id=\"323cd57\" data-element_type=\"widget\" data-e-type=\"widget\" data-widget_type=\"text-editor.default\">\n\t\t\t\t\t\t\t\t\t<p data-start=\"318\" data-end=\"366\"><strong data-start=\"318\" data-end=\"364\">Cookie-Richtlinie \/ Verwendung von Cookies<\/strong><\/p><p data-start=\"368\" data-end=\"626\"><strong data-start=\"368\" data-end=\"392\">1. Was sind Cookies?<\/strong><br data-start=\"392\" data-end=\"395\" \/>Cookies sind kleine Textdateien, die auf Ihrem Endger\u00e4t gespeichert werden, wenn Sie unsere Website besuchen. Sie dienen dazu, die Nutzung unserer Website zu erleichtern, sie funktional zu gestalten und die Sicherheit zu erh\u00f6hen.<\/p><hr data-start=\"628\" data-end=\"631\" \/><p data-start=\"633\" data-end=\"679\"><strong data-start=\"633\" data-end=\"677\">2. Arten von Cookies auf unserer Website<\/strong><\/p><ul data-start=\"681\" data-end=\"1491\"><li data-section-id=\"25plev\" data-start=\"681\" data-end=\"886\"><p data-start=\"683\" data-end=\"886\"><strong data-start=\"683\" data-end=\"706\">Notwendige Cookies:<\/strong><br data-start=\"706\" data-end=\"709\" \/>Diese Cookies sind f\u00fcr die Funktion der Website zwingend erforderlich (z.\u202fB. Navigation, Login, Warenkorb). Ohne diese Cookies kann die Website nicht richtig genutzt werden.<\/p><\/li><li data-section-id=\"1e0hljj\" data-start=\"888\" data-end=\"1162\"><p data-start=\"890\" data-end=\"1162\"><strong data-start=\"890\" data-end=\"943\">Analytische \/ Tracking-Cookies (falls vorhanden):<\/strong><br data-start=\"943\" data-end=\"946\" \/>Wir verwenden <strong data-start=\"962\" data-end=\"1010\">derzeit keine Tracking- oder Analyse-Cookies<\/strong>, die personenbezogene Daten sammeln. Sollte dies zuk\u00fcnftig der Fall sein, werden wir Ihre Einwilligung einholen, bevor solche Cookies gesetzt werden.<\/p><\/li><li data-section-id=\"mhmfop\" data-start=\"1164\" data-end=\"1491\"><p data-start=\"1166\" data-end=\"1491\"><strong data-start=\"1166\" data-end=\"1215\">Cookies von Drittanbietern (falls vorhanden):<\/strong><br data-start=\"1215\" data-end=\"1218\" \/>Wenn Sie z.\u202fB. eingebettete Karten (Google Maps), Videos (YouTube) oder Social-Media-Plugins nutzen, k\u00f6nnen Cookies von Drittanbietern gesetzt werden. Diese fallen nicht in unseren Einflussbereich. Bitte beachten Sie die Datenschutzbestimmungen der jeweiligen Anbieter.<\/p><\/li><\/ul><hr data-start=\"1493\" data-end=\"1496\" \/><p data-start=\"1498\" data-end=\"1697\"><strong data-start=\"1498\" data-end=\"1531\">3. Einwilligung und Kontrolle<\/strong><br data-start=\"1531\" data-end=\"1534\" \/>Sie k\u00f6nnen die Speicherung von Cookies jederzeit \u00fcber die Einstellungen Ihres Browsers verhindern oder einschr\u00e4nken. Bereits gesetzte Cookies k\u00f6nnen Sie l\u00f6schen.<\/p><p data-start=\"1699\" data-end=\"1799\">Bitte beachten Sie, dass die Website dann m\u00f6glicherweise nicht mehr in vollem Umfang funktioniert.<\/p><p data-start=\"1801\" data-end=\"1829\"><strong data-start=\"1801\" data-end=\"1827\">Browser-Einstellungen:<\/strong><\/p><ul data-start=\"1830\" data-end=\"2494\"><li data-section-id=\"122936z\" data-start=\"1830\" data-end=\"1950\"><p data-start=\"1832\" data-end=\"1950\">Chrome: <a class=\"decorated-link cursor-pointer\" target=\"_new\" rel=\"noopener\" data-start=\"1840\" data-end=\"1948\">https:\/\/support.google.com\/chrome\/answer\/95647?hl=de<\/a><\/p><\/li><li data-section-id=\"1swl3jw\" data-start=\"1951\" data-end=\"2094\"><p data-start=\"1953\" data-end=\"2094\">Firefox: <a class=\"decorated-link\" href=\"https:\/\/support.mozilla.org\/de\/kb\/cookies-erlauben-und-ablehnen\" target=\"_new\" rel=\"noopener\" data-start=\"1962\" data-end=\"2092\">https:\/\/support.mozilla.org\/de\/kb\/cookies-erlauben-und-ablehnen<\/a><\/p><\/li><li data-section-id=\"u6g8mu\" data-start=\"2095\" data-end=\"2361\"><p data-start=\"2097\" data-end=\"2361\">Edge: <a class=\"decorated-link cursor-pointer\" target=\"_new\" rel=\"noopener\" data-start=\"2103\" data-end=\"2359\">https:\/\/support.microsoft.com\/de-de\/microsoft-edge\/cookies-in-microsoft-edge-l%C3%B6schen-ccaf5b58-1b90-4a9b-9b57-9e0f0f2d6f44<\/a><\/p><\/li><li data-section-id=\"dx9pp7\" data-start=\"2362\" data-end=\"2494\"><p data-start=\"2364\" data-end=\"2494\">Safari: <a class=\"decorated-link\" href=\"https:\/\/support.apple.com\/de-de\/guide\/safari\/sfri11471\/mac\" target=\"_new\" rel=\"noopener\" data-start=\"2372\" data-end=\"2492\">https:\/\/support.apple.com\/de-de\/guide\/safari\/sfri11471\/mac<\/a><\/p><\/li><\/ul><hr data-start=\"2496\" data-end=\"2499\" \/><p data-start=\"2501\" data-end=\"2687\"><strong data-start=\"2501\" data-end=\"2540\">4. \u00c4nderungen der Cookie-Richtlinie<\/strong><br data-start=\"2540\" data-end=\"2543\" \/>Wir behalten uns vor, diese Cookie-Richtlinie anzupassen, um sie an aktuelle gesetzliche Anforderungen oder \u00c4nderungen der Website anzupassen.<\/p>\t\t\t\t\t\t\t\t<\/div>\n\t\t\t\t\t<\/div>\n\t\t\t\t<\/div>\n\t\t\t\t<\/div>\n\t\t","protected":false},"excerpt":{"rendered":"<p>Cookies Cookie-Richtlinie \/ Verwendung von Cookies 1. Was sind Cookies?Cookies sind kleine Textdateien, die auf Ihrem Endger\u00e4t gespeichert werden, wenn Sie unsere Website besuchen. Sie dienen dazu, die Nutzung unserer Website zu erleichtern, sie funktional zu gestalten und die Sicherheit zu erh\u00f6hen. 2. Arten von Cookies auf unserer Website Notwendige Cookies:Diese Cookies sind f\u00fcr die [&hellip;]<\/p>\n","protected":false},"author":1,"featured_media":0,"parent":0,"menu_order":0,"comment_status":"closed","ping_status":"closed","template":"","meta":{"footnotes":""},"class_list":["post-449","page","type-page","status-publish","hentry"],"_links":{"self":[{"href":"https:\/\/paulsalltagsbegleiter.de\/index.php?rest_route=\/wp\/v2\/pages\/449","targetHints":{"allow":["GET"]}}],"collection":[{"href":"https:\/\/paulsalltagsbegleiter.de\/index.php?rest_route=\/wp\/v2\/pages"}],"about":[{"href":"https:\/\/paulsalltagsbegleiter.de\/index.php?rest_route=\/wp\/v2\/types\/page"}],"author":[{"embeddable":true,"href":"https:\/\/paulsalltagsbegleiter.de\/index.php?rest_route=\/wp\/v2\/users\/1"}],"replies":[{"embeddable":true,"href":"https:\/\/paulsalltagsbegleiter.de\/index.php?rest_route=%2Fwp%2Fv2%2Fcomments&post=449"}],"version-history":[{"count":7,"href":"https:\/\/paulsalltagsbegleiter.de\/index.php?rest_route=\/wp\/v2\/pages\/449\/revisions"}],"predecessor-version":[{"id":741,"href":"https:\/\/paulsalltagsbegleiter.de\/index.php?rest_route=\/wp\/v2\/pages\/449\/revisions\/741"}],"wp:attachment":[{"href":"https:\/\/paulsalltagsbegleiter.de\/index.php?rest_route=%2Fwp%2Fv2%2Fmedia&parent=449"}],"curies":[{"name":"wp","href":"https:\/\/api.w.org\/{rel}","templated":true}]}}