{"id":395,"date":"2026-03-15T14:08:31","date_gmt":"2026-03-15T14:08:31","guid":{"rendered":"https:\/\/paulsalltagsbegleiter.de\/?page_id=395"},"modified":"2026-03-16T20:10:38","modified_gmt":"2026-03-16T20:10:38","slug":"impressum","status":"publish","type":"page","link":"https:\/\/paulsalltagsbegleiter.de\/?page_id=395","title":{"rendered":"Impressum"},"content":{"rendered":"\t\t<div data-elementor-type=\"wp-page\" data-elementor-id=\"395\" class=\"elementor elementor-395\" data-elementor-post-type=\"page\">\n\t\t\t\t<div class=\"elementor-element elementor-element-47ab6042 e-con-full e-flex e-con e-parent\" data-id=\"47ab6042\" data-element_type=\"container\" data-e-type=\"container\" data-settings=\"{&quot;background_background&quot;:&quot;gradient&quot;}\">\n\t\t<div class=\"elementor-element elementor-element-10e55955 e-con-full e-flex e-con e-child\" data-id=\"10e55955\" data-element_type=\"container\" data-e-type=\"container\" data-settings=\"{&quot;background_background&quot;:&quot;classic&quot;}\">\n\t\t\t\t<\/div>\n\t\t<div class=\"elementor-element elementor-element-34cd04db e-con-full e-flex e-con e-child\" data-id=\"34cd04db\" data-element_type=\"container\" data-e-type=\"container\" data-settings=\"{&quot;background_background&quot;:&quot;classic&quot;}\">\n\t\t\t\t<div class=\"elementor-element elementor-element-3ac4a6e1 elementor-widget elementor-widget-heading\" data-id=\"3ac4a6e1\" data-element_type=\"widget\" data-e-type=\"widget\" data-widget_type=\"heading.default\">\n\t\t\t\t\t<h3 class=\"elementor-heading-title elementor-size-default\">Impressum<\/h3>\t\t\t\t<\/div>\n\t\t\t\t<\/div>\n\t\t\t\t<\/div>\n\t\t<div class=\"elementor-element elementor-element-af7a76a e-flex e-con-boxed e-con e-parent\" data-id=\"af7a76a\" data-element_type=\"container\" data-e-type=\"container\">\n\t\t\t\t\t<div class=\"e-con-inner\">\n\t\t\t\t<div class=\"elementor-element elementor-element-e4219f2 elementor-widget elementor-widget-text-editor\" data-id=\"e4219f2\" data-element_type=\"widget\" data-e-type=\"widget\" data-widget_type=\"text-editor.default\">\n\t\t\t\t\t\t\t\t\t<div class=\"elementor-element elementor-element-2824154 elementor-widget elementor-widget-heading\" data-id=\"2824154\" data-element_type=\"widget\" data-e-type=\"widget\" data-widget_type=\"heading.default\"><p data-start=\"322\" data-end=\"349\"><strong data-start=\"322\" data-end=\"349\">Impressum gem\u00e4\u00df \u00a7\u202f5 TMG<\/strong><\/p><p data-start=\"351\" data-end=\"473\"><strong data-start=\"351\" data-end=\"376\">Angaben gem\u00e4\u00df \u00a7\u202f5 TMG<\/strong><br data-start=\"376\" data-end=\"379\" \/>Pauls Alltagsbegleiter<br data-start=\"434\" data-end=\"437\" \/>Essener Str. 172<br data-start=\"453\" data-end=\"456\" \/>45529 Hattingen<\/p><p data-start=\"475\" data-end=\"520\"><strong data-start=\"475\" data-end=\"495\">Vertreten durch:<\/strong><br data-start=\"495\" data-end=\"498\" \/>Inhaber: Paul Schyma<\/p><p data-start=\"522\" data-end=\"600\"><strong data-start=\"522\" data-end=\"534\">Kontakt:<\/strong><br data-start=\"534\" data-end=\"537\" \/>Telefon: 0163\/7276599<br data-start=\"558\" data-end=\"561\" \/>E-Mail: <a class=\"decorated-link cursor-pointer\" rel=\"noopener\" data-start=\"569\" data-end=\"598\">info@paulsalltagsbegleiter.de<\/a><\/p><p data-start=\"602\" data-end=\"753\"><strong data-start=\"602\" data-end=\"636\">Berufshaftpflichtversicherung:<\/strong><br data-start=\"636\" data-end=\"639\" \/>Name und Sitz des Versicherers: Barmenia Gothaer<\/p><p data-start=\"755\" data-end=\"820\"><strong data-start=\"602\" data-end=\"636\">Steuernummer:<\/strong><br data-start=\"636\" data-end=\"639\" \/>323\/5101\/3977<\/p><p data-start=\"822\" data-end=\"1188\"><strong data-start=\"822\" data-end=\"843\">Streitschlichtung<\/strong><br data-start=\"843\" data-end=\"846\" \/>Die Europ\u00e4ische Kommission stellt eine Plattform zur Online-Streitbeilegung (OS) bereit: <a class=\"decorated-link\" href=\"https:\/\/ec.europa.eu\/consumers\/odr\" target=\"_new\" rel=\"noopener\" data-start=\"935\" data-end=\"1007\">https:\/\/ec.europa.eu\/consumers\/odr<\/a>.<br data-start=\"1008\" data-end=\"1011\" \/>Unsere E-Mail-Adresse finden Sie oben im Impressum. Wir sind nicht bereit oder verpflichtet, an Streitbeilegungsverfahren vor einer Verbraucherschlichtungsstelle teilzunehmen.<\/p><p data-start=\"1190\" data-end=\"1573\"><strong data-start=\"1190\" data-end=\"1213\">Haftung f\u00fcr Inhalte<\/strong><br data-start=\"1213\" data-end=\"1216\" \/>Als Diensteanbieter sind wir gem\u00e4\u00df \u00a7\u202f7 Abs.1 TMG f\u00fcr eigene Inhalte auf diesen Seiten nach den allgemeinen Gesetzen verantwortlich. Nach \u00a7\u00a7\u202f8 bis 10 TMG sind wir als Diensteanbieter jedoch nicht verpflichtet, \u00fcbermittelte oder gespeicherte fremde Informationen zu \u00fcberwachen oder nach Umst\u00e4nden zu forschen, die auf eine rechtswidrige T\u00e4tigkeit hinweisen.<\/p><p data-start=\"1575\" data-end=\"1925\">Verpflichtungen zur Entfernung oder Sperrung der Nutzung von Informationen nach den allgemeinen Gesetzen bleiben hiervon unber\u00fchrt. Eine diesbez\u00fcgliche Haftung ist jedoch erst ab dem Zeitpunkt der Kenntnis einer konkreten Rechtsverletzung m\u00f6glich. Bei Bekanntwerden von entsprechenden Rechtsverletzungen werden wir diese Inhalte umgehend entfernen.<\/p><p data-start=\"1927\" data-end=\"2414\"><strong data-start=\"1927\" data-end=\"1948\">Haftung f\u00fcr Links<\/strong><br data-start=\"1948\" data-end=\"1951\" \/>Unser Angebot enth\u00e4lt Links zu externen Websites Dritter, auf deren Inhalte wir keinen Einfluss haben. Deshalb k\u00f6nnen wir f\u00fcr diese fremden Inhalte auch keine Gew\u00e4hr \u00fcbernehmen. F\u00fcr die Inhalte der verlinkten Seiten ist stets der jeweilige Anbieter oder Betreiber der Seiten verantwortlich. Die verlinkten Seiten wurden zum Zeitpunkt der Verlinkung auf m\u00f6gliche Rechtsverst\u00f6\u00dfe \u00fcberpr\u00fcft; rechtswidrige Inhalte waren zum Zeitpunkt der Verlinkung nicht erkennbar.<\/p><p data-start=\"2416\" data-end=\"2638\">Eine permanente inhaltliche Kontrolle der verlinkten Seiten ist jedoch ohne konkrete Anhaltspunkte einer Rechtsverletzung nicht zumutbar. Bei Bekanntwerden von Rechtsverletzungen werden derartige Links umgehend entfernt.<\/p><p data-start=\"2640\" data-end=\"3071\"><strong data-start=\"2640\" data-end=\"2656\">Urheberrecht<\/strong><br data-start=\"2656\" data-end=\"2659\" \/>Die durch die Seitenbetreiber erstellten Inhalte und Werke auf diesen Seiten unterliegen dem deutschen Urheberrecht. Die Vervielf\u00e4ltigung, Bearbeitung, Verbreitung und jede Art der Verwertung au\u00dferhalb der Grenzen des Urheberrechtes bed\u00fcrfen der schriftlichen Zustimmung des jeweiligen Autors bzw. Erstellers. Downloads und Kopien dieser Seite sind nur f\u00fcr den privaten, nicht kommerziellen Gebrauch gestattet.<\/p><p data-start=\"3073\" data-end=\"3455\">Soweit die Inhalte auf dieser Seite nicht vom Betreiber erstellt wurden, werden die Urheberrechte Dritter beachtet. Insbesondere werden Inhalte Dritter als solche gekennzeichnet. Sollten Sie trotzdem auf eine Urheberrechtsverletzung aufmerksam werden, bitten wir um einen entsprechenden Hinweis. Bei Bekanntwerden von Rechtsverletzungen werden derartige Inhalte umgehend entfernt.<\/p><p data-start=\"3457\" data-end=\"3572\"><strong data-start=\"3457\" data-end=\"3481\">Datenschutzerkl\u00e4rung<\/strong><br data-start=\"3481\" data-end=\"3484\" \/>Unsere Datenschutzerkl\u00e4rung finden Sie unten auf der Website<\/p><p data-start=\"3574\" data-end=\"3600\"><strong data-start=\"3574\" data-end=\"3585\">Quelle:<\/strong> e-recht24.de<\/p><\/div>\t\t\t\t\t\t\t\t<\/div>\n\t\t\t\t\t<\/div>\n\t\t\t\t<\/div>\n\t\t\t\t<\/div>\n\t\t","protected":false},"excerpt":{"rendered":"<p>Impressum Impressum gem\u00e4\u00df \u00a7\u202f5 TMG Angaben gem\u00e4\u00df \u00a7\u202f5 TMGPauls AlltagsbegleiterEssener Str. 17245529 Hattingen Vertreten durch:Inhaber: Paul Schyma Kontakt:Telefon: 0163\/7276599E-Mail: info@paulsalltagsbegleiter.de Berufshaftpflichtversicherung:Name und Sitz des Versicherers: Barmenia Gothaer Steuernummer:323\/5101\/3977 StreitschlichtungDie Europ\u00e4ische Kommission stellt eine Plattform zur Online-Streitbeilegung (OS) bereit: https:\/\/ec.europa.eu\/consumers\/odr.Unsere E-Mail-Adresse finden Sie oben im Impressum. Wir sind nicht bereit oder verpflichtet, an Streitbeilegungsverfahren vor einer [&hellip;]<\/p>\n","protected":false},"author":1,"featured_media":0,"parent":0,"menu_order":0,"comment_status":"closed","ping_status":"closed","template":"","meta":{"footnotes":""},"class_list":["post-395","page","type-page","status-publish","hentry"],"_links":{"self":[{"href":"https:\/\/paulsalltagsbegleiter.de\/index.php?rest_route=\/wp\/v2\/pages\/395","targetHints":{"allow":["GET"]}}],"collection":[{"href":"https:\/\/paulsalltagsbegleiter.de\/index.php?rest_route=\/wp\/v2\/pages"}],"about":[{"href":"https:\/\/paulsalltagsbegleiter.de\/index.php?rest_route=\/wp\/v2\/types\/page"}],"author":[{"embeddable":true,"href":"https:\/\/paulsalltagsbegleiter.de\/index.php?rest_route=\/wp\/v2\/users\/1"}],"replies":[{"embeddable":true,"href":"https:\/\/paulsalltagsbegleiter.de\/index.php?rest_route=%2Fwp%2Fv2%2Fcomments&post=395"}],"version-history":[{"count":17,"href":"https:\/\/paulsalltagsbegleiter.de\/index.php?rest_route=\/wp\/v2\/pages\/395\/revisions"}],"predecessor-version":[{"id":726,"href":"https:\/\/paulsalltagsbegleiter.de\/index.php?rest_route=\/wp\/v2\/pages\/395\/revisions\/726"}],"wp:attachment":[{"href":"https:\/\/paulsalltagsbegleiter.de\/index.php?rest_route=%2Fwp%2Fv2%2Fmedia&parent=395"}],"curies":[{"name":"wp","href":"https:\/\/api.w.org\/{rel}","templated":true}]}}